{"id":2,"date":"2016-06-23T00:06:39","date_gmt":"2016-06-23T00:06:39","guid":{"rendered":"http:\/\/www.designfabrika.cz\/wordpress\/?page_id=2"},"modified":"2017-04-01T13:58:46","modified_gmt":"2017-04-01T13:58:46","slug":"designovy-nabytek-navrhy-interieru","status":"publish","type":"page","link":"https:\/\/www.designfabrika.cz\/en\/","title":{"rendered":"Design and interior realization"},"content":{"rendered":"","protected":false},"excerpt":{"rendered":"","protected":false},"author":1,"featured_media":0,"parent":0,"menu_order":0,"comment_status":"closed","ping_status":"open","template":"","meta":[],"translation":{"provider":"WPGlobus","version":"2.10.8","language":"en","enabled_languages":["cs","en"],"languages":{"cs":{"title":true,"content":false,"excerpt":false},"en":{"title":true,"content":false,"excerpt":false}}},"yoast_head":"<!-- This site is optimized with the Yoast SEO plugin v19.14 - https:\/\/yoast.com\/wordpress\/plugins\/seo\/ -->\n<title>Design and interior realization | DesignFabrika.cz<\/title>\n<meta name=\"robots\" content=\"index, follow, max-snippet:-1, max-image-preview:large, max-video-preview:-1\" \/>\n<link rel=\"canonical\" href=\"https:\/\/www.designfabrika.cz\/\" \/>\n<meta property=\"og:locale\" content=\"en_US\" \/>\n<meta property=\"og:type\" content=\"article\" \/>\n<meta property=\"og:title\" content=\"Design and interior realization | DesignFabrika.cz\" \/>\n<meta property=\"og:url\" content=\"https:\/\/www.designfabrika.cz\/\" \/>\n<meta property=\"og:site_name\" content=\"DesignFabrika.cz\" \/>\n<meta property=\"article:publisher\" content=\"https:\/\/www.facebook.com\/pages\/Designfabrika\/575750575829160\" \/>\n<meta property=\"article:modified_time\" content=\"2017-04-01T13:58:46+00:00\" \/>\n<meta property=\"og:image\" content=\"http:\/\/www.designfabrika.cz\/content\/themes\/default\/images\/blank.jpg\" \/>\n<meta name=\"twitter:card\" content=\"summary_large_image\" \/>\n<meta name=\"twitter:image\" content=\"http:\/\/www.designfabrika.cz\/content\/themes\/default\/images\/blank.jpg\" \/>\n<script type=\"application\/ld+json\" class=\"yoast-schema-graph\">{\"@context\":\"https:\/\/schema.org\",\"@graph\":[{\"@type\":\"WebPage\",\"@id\":\"https:\/\/www.designfabrika.cz\/\",\"url\":\"https:\/\/www.designfabrika.cz\/\",\"name\":\"Design and interior realization | DesignFabrika.cz\",\"isPartOf\":{\"@id\":\"https:\/\/www.designfabrika.cz\/#website\"},\"datePublished\":\"2016-06-23T00:06:39+00:00\",\"dateModified\":\"2017-04-01T13:58:46+00:00\",\"description\":\"Navrhujeme a realizujeme kr\u00e1sn\u00e9 a funk\u010dn\u00ed interi\u00e9ry, n\u00e1\u0161 vlastn\u00ed autorsk\u00fd n\u00e1bytek i n\u00e1bytek podle va\u0161ich p\u0159edstav. Sv\u011b\u0159te do na\u0161\u00ed p\u00e9\u010de v\u00e1\u0161 interi\u00e9r.\",\"breadcrumb\":{\"@id\":\"https:\/\/www.designfabrika.cz\/#breadcrumb\"},\"inLanguage\":\"en-US\",\"potentialAction\":[{\"@type\":\"ReadAction\",\"target\":[\"https:\/\/www.designfabrika.cz\/\"]}]},{\"@type\":\"BreadcrumbList\",\"@id\":\"https:\/\/www.designfabrika.cz\/#breadcrumb\",\"itemListElement\":[{\"@type\":\"ListItem\",\"position\":1,\"name\":\"Home\",\"item\":\"https:\/\/www.designfabrika.cz\/\"},{\"@type\":\"ListItem\",\"position\":2,\"name\":\"Designov\u00fd n\u00e1bytek a n\u00e1vrhy interi\u00e9r\u016f\"}]},{\"@type\":\"WebSite\",\"@id\":\"https:\/\/www.designfabrika.cz\/#website\",\"url\":\"https:\/\/www.designfabrika.cz\/\",\"name\":\"DesignFabrika.cz\",\"description\":\"We design and implement a functional and beautiful interiors, our own original furniture and furniture to your liking. Entrust your interior to our care.\",\"potentialAction\":[{\"@type\":\"SearchAction\",\"target\":{\"@type\":\"EntryPoint\",\"urlTemplate\":\"https:\/\/www.designfabrika.cz\/?s={search_term_string}\"},\"query-input\":\"required name=search_term_string\"}],\"inLanguage\":\"en-US\"}]}<\/script>\n<!-- \/ Yoast SEO plugin. -->","yoast_head_json":{"title":"Design and interior realization | DesignFabrika.cz","robots":{"index":"index","follow":"follow","max-snippet":"max-snippet:-1","max-image-preview":"max-image-preview:large","max-video-preview":"max-video-preview:-1"},"canonical":"https:\/\/www.designfabrika.cz\/","og_locale":"en_US","og_type":"article","og_title":"Design and interior realization | DesignFabrika.cz","og_url":"https:\/\/www.designfabrika.cz\/","og_site_name":"DesignFabrika.cz","article_publisher":"https:\/\/www.facebook.com\/pages\/Designfabrika\/575750575829160","article_modified_time":"2017-04-01T13:58:46+00:00","og_image":[{"url":"http:\/\/www.designfabrika.cz\/content\/themes\/default\/images\/blank.jpg"}],"twitter_card":"summary_large_image","twitter_image":"http:\/\/www.designfabrika.cz\/content\/themes\/default\/images\/blank.jpg","schema":{"@context":"https:\/\/schema.org","@graph":[{"@type":"WebPage","@id":"https:\/\/www.designfabrika.cz\/","url":"https:\/\/www.designfabrika.cz\/","name":"Design and interior realization | DesignFabrika.cz","isPartOf":{"@id":"https:\/\/www.designfabrika.cz\/#website"},"datePublished":"2016-06-23T00:06:39+00:00","dateModified":"2017-04-01T13:58:46+00:00","description":"Navrhujeme a realizujeme kr\u00e1sn\u00e9 a funk\u010dn\u00ed interi\u00e9ry, n\u00e1\u0161 vlastn\u00ed autorsk\u00fd n\u00e1bytek i n\u00e1bytek podle va\u0161ich p\u0159edstav. Sv\u011b\u0159te do na\u0161\u00ed p\u00e9\u010de v\u00e1\u0161 interi\u00e9r.","breadcrumb":{"@id":"https:\/\/www.designfabrika.cz\/#breadcrumb"},"inLanguage":"en-US","potentialAction":[{"@type":"ReadAction","target":["https:\/\/www.designfabrika.cz\/"]}]},{"@type":"BreadcrumbList","@id":"https:\/\/www.designfabrika.cz\/#breadcrumb","itemListElement":[{"@type":"ListItem","position":1,"name":"Home","item":"https:\/\/www.designfabrika.cz\/"},{"@type":"ListItem","position":2,"name":"Designov\u00fd n\u00e1bytek a n\u00e1vrhy interi\u00e9r\u016f"}]},{"@type":"WebSite","@id":"https:\/\/www.designfabrika.cz\/#website","url":"https:\/\/www.designfabrika.cz\/","name":"DesignFabrika.cz","description":"We design and implement a functional and beautiful interiors, our own original furniture and furniture to your liking. Entrust your interior to our care.","potentialAction":[{"@type":"SearchAction","target":{"@type":"EntryPoint","urlTemplate":"https:\/\/www.designfabrika.cz\/?s={search_term_string}"},"query-input":"required name=search_term_string"}],"inLanguage":"en-US"}]}},"_links":{"self":[{"href":"https:\/\/www.designfabrika.cz\/en\/wp-json\/wp\/v2\/pages\/2"}],"collection":[{"href":"https:\/\/www.designfabrika.cz\/en\/wp-json\/wp\/v2\/pages"}],"about":[{"href":"https:\/\/www.designfabrika.cz\/en\/wp-json\/wp\/v2\/types\/page"}],"author":[{"embeddable":true,"href":"https:\/\/www.designfabrika.cz\/en\/wp-json\/wp\/v2\/users\/1"}],"replies":[{"embeddable":true,"href":"https:\/\/www.designfabrika.cz\/en\/wp-json\/wp\/v2\/comments?post=2"}],"version-history":[{"count":2,"href":"https:\/\/www.designfabrika.cz\/en\/wp-json\/wp\/v2\/pages\/2\/revisions"}],"predecessor-version":[{"id":293,"href":"https:\/\/www.designfabrika.cz\/en\/wp-json\/wp\/v2\/pages\/2\/revisions\/293"}],"wp:attachment":[{"href":"https:\/\/www.designfabrika.cz\/en\/wp-json\/wp\/v2\/media?parent=2"}],"curies":[{"name":"wp","href":"https:\/\/api.w.org\/{rel}","templated":true}]}}